{"id":25,"date":"2020-11-22T00:55:24","date_gmt":"2020-11-22T00:55:24","guid":{"rendered":"https:\/\/edsoncavalcante.com.br\/ultra\/?page_id=25"},"modified":"2026-01-18T02:37:36","modified_gmt":"2026-01-18T02:37:36","slug":"provas-realizadas","status":"publish","type":"page","link":"https:\/\/edsoncavalcante.com.br\/ultra\/provas-realizadas\/","title":{"rendered":"+ 200 KM"},"content":{"rendered":"\n<figure class=\"wp-block-image size-large\"><img loading=\"lazy\" width=\"876\" height=\"657\" src=\"https:\/\/edsoncavalcante.com.br\/ultra\/wp-content\/uploads\/2020\/11\/uai-2018-hard-finisher.jpg\" alt=\"\" class=\"wp-image-26\" srcset=\"https:\/\/edsoncavalcante.com.br\/ultra\/wp-content\/uploads\/2020\/11\/uai-2018-hard-finisher.jpg 876w, https:\/\/edsoncavalcante.com.br\/ultra\/wp-content\/uploads\/2020\/11\/uai-2018-hard-finisher-300x225.jpg 300w, https:\/\/edsoncavalcante.com.br\/ultra\/wp-content\/uploads\/2020\/11\/uai-2018-hard-finisher-768x576.jpg 768w\" sizes=\"(max-width: 876px) 100vw, 876px\" \/><figcaption>Edson O Cavalcante<\/figcaption><\/figure>\n\n\n\n<p>Em 2018 &#8211; Conclui a UAI em Minas Gerais, foram 235 Km em 60 horas.  <\/p>\n\n\n\n<figure class=\"wp-block-image size-large\"><img loading=\"lazy\" width=\"800\" height=\"533\" src=\"https:\/\/edsoncavalcante.com.br\/ultra\/wp-content\/uploads\/2020\/11\/Edson-Oliveira-Cavalcante-UAI-2018.jpg\" alt=\"\" class=\"wp-image-29\" srcset=\"https:\/\/edsoncavalcante.com.br\/ultra\/wp-content\/uploads\/2020\/11\/Edson-Oliveira-Cavalcante-UAI-2018.jpg 800w, https:\/\/edsoncavalcante.com.br\/ultra\/wp-content\/uploads\/2020\/11\/Edson-Oliveira-Cavalcante-UAI-2018-300x200.jpg 300w, https:\/\/edsoncavalcante.com.br\/ultra\/wp-content\/uploads\/2020\/11\/Edson-Oliveira-Cavalcante-UAI-2018-768x512.jpg 768w\" sizes=\"(max-width: 800px) 100vw, 800px\" \/><figcaption>Passa Quatro  &#8211; MG<\/figcaption><\/figure>\n\n\n\n<p>\u201cSURVIVOR\u201d: O atleta inscrito como \u201cSurvivor\u201d \u00e9 caracterizado por N\u00c3O ter nenhum apoio, podendo contar somente com ele mesmo e a organiza\u00e7\u00e3o. Dever\u00e1 levar consigo todo equipamento obrigat\u00f3rio e ser provedor de sua alimenta\u00e7\u00e3o, hidrata\u00e7\u00e3o e alimenta\u00e7\u00e3o durante o percurso.<br>IMPORTANTE: O atleta deve respeitar as caracter\u00edsticas de sua modalidade, bem como respeitar a do outro. O atleta \u201csolo com apoio\u201d N\u00c3O PODE fornecer apoio ao atleta SURVIVOR. A menos que isso seja uma quest\u00e3o de humanidade e emerg\u00eancia extrema. Exemplo: 1) O atleta \u201cSurvivor\u201d sente-se mal por sua alimenta\u00e7\u00e3o e hidrata\u00e7\u00e3o ter acabado e local n\u00e3o oferece op\u00e7\u00f5es. 2) O atleta \u201cSurvivor\u201d precisa de atendimento m\u00e9dico.<br><strong>Sobre a UAI <\/strong> &#8211;  Veja em  <a rel=\"noreferrer noopener\" href=\"https:\/\/ultrarunnereventos.com.br\/\" target=\"_blank\">https:\/\/ultrarunnereventos.com.br\/<\/a><\/p>\n\n\n\n<p><strong>Em 2016  conclui a BR 135 prova com 217 Km com percurso iniciado em SP e conclu\u00eddo em MG. <\/strong><\/p>\n\n\n\n<figure class=\"wp-block-image size-large\"><img loading=\"lazy\" width=\"526\" height=\"935\" src=\"https:\/\/edsoncavalcante.com.br\/ultra\/wp-content\/uploads\/2020\/11\/BR135-2016-Concluido-0s-217km.jpg\" alt=\"\" class=\"wp-image-30\" srcset=\"https:\/\/edsoncavalcante.com.br\/ultra\/wp-content\/uploads\/2020\/11\/BR135-2016-Concluido-0s-217km.jpg 526w, https:\/\/edsoncavalcante.com.br\/ultra\/wp-content\/uploads\/2020\/11\/BR135-2016-Concluido-0s-217km-169x300.jpg 169w\" sizes=\"(max-width: 526px) 100vw, 526px\" \/><figcaption>Parais\u00f3polis &#8211; MG<\/figcaption><\/figure>\n\n\n\n<p><strong>Para BR 135 &#8211; Saiba mais acessando o site:  <a href=\"https:\/\/www.brazil135.net\/\" target=\"_blank\" rel=\"noreferrer noopener\">https:\/\/www.brazil135.net\/<\/a><\/strong><\/p>\n","protected":false},"excerpt":{"rendered":"<p>Em 2018 &#8211; Conclui a UAI em Minas Gerais, foram 235 Km em 60 horas. \u201cSURVIVOR\u201d: O atleta inscrito como \u201cSurvivor\u201d \u00e9 caracterizado por N\u00c3O ter nenhum apoio, podendo contar somente com ele mesmo e a organiza\u00e7\u00e3o. Dever\u00e1 levar consigo todo equipamento obrigat\u00f3rio e ser provedor de sua alimenta\u00e7\u00e3o, hidrata\u00e7\u00e3o e alimenta\u00e7\u00e3o durante o percurso.IMPORTANTE: [&hellip;]<\/p>\n","protected":false},"author":1,"featured_media":0,"parent":0,"menu_order":0,"comment_status":"closed","ping_status":"closed","template":"","meta":[],"_links":{"self":[{"href":"https:\/\/edsoncavalcante.com.br\/ultra\/wp-json\/wp\/v2\/pages\/25"}],"collection":[{"href":"https:\/\/edsoncavalcante.com.br\/ultra\/wp-json\/wp\/v2\/pages"}],"about":[{"href":"https:\/\/edsoncavalcante.com.br\/ultra\/wp-json\/wp\/v2\/types\/page"}],"author":[{"embeddable":true,"href":"https:\/\/edsoncavalcante.com.br\/ultra\/wp-json\/wp\/v2\/users\/1"}],"replies":[{"embeddable":true,"href":"https:\/\/edsoncavalcante.com.br\/ultra\/wp-json\/wp\/v2\/comments?post=25"}],"version-history":[{"count":6,"href":"https:\/\/edsoncavalcante.com.br\/ultra\/wp-json\/wp\/v2\/pages\/25\/revisions"}],"predecessor-version":[{"id":104,"href":"https:\/\/edsoncavalcante.com.br\/ultra\/wp-json\/wp\/v2\/pages\/25\/revisions\/104"}],"wp:attachment":[{"href":"https:\/\/edsoncavalcante.com.br\/ultra\/wp-json\/wp\/v2\/media?parent=25"}],"curies":[{"name":"wp","href":"https:\/\/api.w.org\/{rel}","templated":true}]}}