{"id":624,"date":"2021-12-24T13:36:43","date_gmt":"2021-12-24T13:36:43","guid":{"rendered":"https:\/\/edsoncavalcante.com.br\/recente\/?page_id=624"},"modified":"2021-12-24T13:41:48","modified_gmt":"2021-12-24T13:41:48","slug":"parque-estadual-juquery","status":"publish","type":"page","link":"https:\/\/edsoncavalcante.com.br\/recente\/parque-estadual-juquery\/","title":{"rendered":"Parque Estadual Juquery"},"content":{"rendered":"\n<p>Parque Estadual Juquery  &#8211; Trilha Ovo do Pato <\/p>\n\n\n\n<figure class=\"wp-block-embed is-type-video is-provider-youtube wp-block-embed-youtube wp-embed-aspect-16-9 wp-has-aspect-ratio\"><div class=\"wp-block-embed__wrapper\">\n<iframe loading=\"lazy\" title=\"VEM SUBIR  A TRILHA DO OVO DO PATO HOJE?\" width=\"584\" height=\"329\" src=\"https:\/\/www.youtube.com\/embed\/6jFRL4rxS8o?feature=oembed\" frameborder=\"0\" allow=\"accelerometer; autoplay; clipboard-write; encrypted-media; gyroscope; picture-in-picture\" allowfullscreen><\/iframe>\n<\/div><figcaption>TRILHA OVO DO PATO<\/figcaption><\/figure>\n\n\n\n<p>NO OVO DO PATO &#8211; PONTO MAIS ALTO DO PARQUE JUQUERY<\/p>\n\n\n\n<figure class=\"wp-block-embed is-type-video is-provider-youtube wp-block-embed-youtube wp-embed-aspect-16-9 wp-has-aspect-ratio\"><div class=\"wp-block-embed__wrapper\">\n<iframe loading=\"lazy\" title=\"NO OVO DO PATO  - PONTO MAIS ALTO DO PARQUE JUQUERY\" width=\"584\" height=\"329\" src=\"https:\/\/www.youtube.com\/embed\/Oj4R5682MUo?feature=oembed\" frameborder=\"0\" allow=\"accelerometer; autoplay; clipboard-write; encrypted-media; gyroscope; picture-in-picture\" allowfullscreen><\/iframe>\n<\/div><\/figure>\n\n\n\n<p>TRILHA OVO DO PATO EM FOTOS <\/p>\n\n\n\n<figure class=\"wp-block-embed is-type-video is-provider-youtube wp-block-embed-youtube wp-embed-aspect-16-9 wp-has-aspect-ratio\"><div class=\"wp-block-embed__wrapper\">\n<iframe loading=\"lazy\" title=\"Parque Juquery   Trilha em fotos  do Ovo do Pato\" width=\"584\" height=\"329\" src=\"https:\/\/www.youtube.com\/embed\/KFawk9pWViA?feature=oembed\" frameborder=\"0\" allow=\"accelerometer; autoplay; clipboard-write; encrypted-media; gyroscope; picture-in-picture\" allowfullscreen><\/iframe>\n<\/div><figcaption>EM FOTOS A TRILHA OVO DO PATO NO PARQUE ESTADUAL DO JUQUERY<\/figcaption><\/figure>\n\n\n\n<p>Parque Juquery Trilha em fotos do Ovo do Pato &#8211; Utilizei a entrada 2 do Parque.<br>Criado em 1993 nos munic\u00edpios de Caieira e Franco da Rocha, na Grande S\u00e3o Paulo, o Parque Estadual do Juquery possui uma \u00e1rea de quase 2 mil hectares e preserva o \u00faltimo fragmento de cerrado da regi\u00e3o Metropolitana de S\u00e3o Paulo. O s\u00edmbolo do Parque \u00e9 a seriema, ave t\u00edpica do cerrado que os visitantes podem facilmente avistar do Ovo da Pata, eleva\u00e7\u00e3o impressionante e maior atrativo do parque.<br><strong>Trilha no Wilok <\/strong>: <a href=\"https:\/\/pt.wikiloc.com\/trilhas-trekking\/trilha-do-ovo-do-pato-parque-juquery-portaria-2-81095800\" target=\"_blank\" rel=\"noreferrer noopener\">https:\/\/pt.wikiloc.com\/trilhas-trekking\/trilha-do-ovo-do-pato-parque-juquery-portaria-2-81095800<\/a><\/p>\n\n\n\n<p>Fonte : Site: https:\/\/www.saopaulo.sp.gov.br\/conhecasp\/parques-e-reservas-naturais\/parque-estadual-do-juquery\/<\/p>\n\n\n\n<p><strong>VEJAM MAIS DE 90 V\u00cdDEOS FEITOS NO PARQUE ESTADUAL DO JUQUERY  NO MEU CANAL NO YOUTUBE <\/strong>: <a href=\"https:\/\/www.youtube.com\/playlist?list=PLDP3nCdS2YFcnWLjWIB-sIEOk1c5jgfPq\" target=\"_blank\" rel=\"noreferrer noopener\">https:\/\/www.youtube.com\/playlist?list=PLDP3nCdS2YFcnWLjWIB-sIEOk1c5jgfPq <\/a><\/p>\n","protected":false},"excerpt":{"rendered":"<p>Parque Estadual Juquery &#8211; Trilha Ovo do Pato NO OVO DO PATO &#8211; PONTO MAIS ALTO DO PARQUE JUQUERY TRILHA OVO DO PATO EM FOTOS Parque Juquery Trilha em fotos do Ovo do Pato &#8211; Utilizei a entrada 2 do &hellip; <a href=\"https:\/\/edsoncavalcante.com.br\/recente\/parque-estadual-juquery\/\">Continue lendo <span class=\"meta-nav\">&rarr;<\/span><\/a><\/p>\n","protected":false},"author":1,"featured_media":0,"parent":0,"menu_order":0,"comment_status":"closed","ping_status":"closed","template":"","meta":[],"_links":{"self":[{"href":"https:\/\/edsoncavalcante.com.br\/recente\/wp-json\/wp\/v2\/pages\/624"}],"collection":[{"href":"https:\/\/edsoncavalcante.com.br\/recente\/wp-json\/wp\/v2\/pages"}],"about":[{"href":"https:\/\/edsoncavalcante.com.br\/recente\/wp-json\/wp\/v2\/types\/page"}],"author":[{"embeddable":true,"href":"https:\/\/edsoncavalcante.com.br\/recente\/wp-json\/wp\/v2\/users\/1"}],"replies":[{"embeddable":true,"href":"https:\/\/edsoncavalcante.com.br\/recente\/wp-json\/wp\/v2\/comments?post=624"}],"version-history":[{"count":4,"href":"https:\/\/edsoncavalcante.com.br\/recente\/wp-json\/wp\/v2\/pages\/624\/revisions"}],"predecessor-version":[{"id":629,"href":"https:\/\/edsoncavalcante.com.br\/recente\/wp-json\/wp\/v2\/pages\/624\/revisions\/629"}],"wp:attachment":[{"href":"https:\/\/edsoncavalcante.com.br\/recente\/wp-json\/wp\/v2\/media?parent=624"}],"curies":[{"name":"wp","href":"https:\/\/api.w.org\/{rel}","templated":true}]}}